{"id":4079,"date":"2019-12-07T05:41:48","date_gmt":"2019-12-07T05:41:48","guid":{"rendered":"http:\/\/anomica.themetechmount.net\/?page_id=1788"},"modified":"2022-08-26T13:50:47","modified_gmt":"2022-08-26T13:50:47","slug":"%e3%81%8a%e5%95%8f%e3%81%84%e5%90%88%e3%82%8f%e3%81%9b","status":"publish","type":"page","link":"http:\/\/tgedu.vn\/vi\/%e3%81%8a%e5%95%8f%e3%81%84%e5%90%88%e3%82%8f%e3%81%9b\/","title":{"rendered":"Li\u00ean h\u1ec7"},"content":{"rendered":"<div data-elementor-type=\"wp-page\" data-elementor-id=\"4079\" class=\"elementor elementor-4079\">\n\t\t\t\t\t\t\t\t\t<section class=\"elementor-section elementor-top-section elementor-element elementor-element-78aeccfd tm-column-break-ipad-no tm-col-stretched-none elementor-section-boxed elementor-section-height-default elementor-section-height-default\" data-id=\"78aeccfd\" data-element_type=\"section\">\n\t\t\t\t\t\t<div class=\"elementor-container elementor-column-gap-default\">\n\t\t\t\t\t<div class=\"elementor-column elementor-col-100 elementor-top-column elementor-element elementor-element-587b5b09\" data-id=\"587b5b09\" data-element_type=\"column\">\n\t\t\t<div class=\"elementor-widget-wrap elementor-element-populated\">\n\t\t\t\t\t\t\t\t<div class=\"elementor-element elementor-element-411776c4 tm-align-center elementor-widget elementor-widget-tm_heading\" data-id=\"411776c4\" data-element_type=\"widget\" data-widget_type=\"tm_heading.default\">\n\t\t\t\t<div class=\"elementor-widget-container\">\n\t\t\t<div class=\"tm-element-heading-content-wrapper center-align tm-reverse-heading-yes tm-seperator-solid tm-content-with-desc tm-heading-style-vertical\"><div class=\"tm-content-header\"><h2 class=\"tm-element-content-heading tm-custom-heading\">\n\t\t\t\tLi\u00ean h\u1ec7\n\t\t\t<\/h2>\n\t\t<div class=\"heading-seperator\"><span><\/span><\/div><\/div><div class=\"tm-element-content-desctxt\">Ch\u00fang t\u00f4i s\u1ebd tr\u1ea3 l\u1eddi c\u00e1c c\u00e2u h\u1ecfi t\u1eeb c\u00e1c c\u00f4ng ty v\u00e0 t\u1ed5 ch\u1ee9c \u0111ang xem x\u00e9t nh\u1eadn th\u1ef1c t\u1eadp sinh Vi\u1ec7t Nam, lao \u0111\u1ed9ng \u0111\u1eb7c \u0111\u1ecbnh, k\u1ef9 thu\u1eadt vi\u00ean,...\t\t\t\t\t\t\t\t\t\nXin l\u01b0u \u00fd r\u1eb1ng ch\u00fang t\u00f4i c\u00f3 th\u1ec3 kh\u00f4ng tr\u1ea3 l\u1eddi \u0111\u01b0\u1ee3c c\u00e1c c\u00e2u h\u1ecfi ho\u1eb7c t\u01b0 v\u1ea5n li\u00ean quan \u0111\u1ebfn vi\u1ec7c th\u1ef1c t\u1eadp sinh, k\u1ef9 n\u0103ng \u0111\u1eb7c \u0111\u1ecbnh,... \u0111\u01b0\u1ee3c gi\u00e1m s\u00e1t b\u1edfi c\u00e1c c\u00f4ng ty kh\u00e1c.<\/div><\/div>\t\t<\/div>\n\t\t\t\t<\/div>\n\t\t\t\t<div class=\"elementor-element elementor-element-a24d9dc elementor-widget elementor-widget-image\" data-id=\"a24d9dc\" data-element_type=\"widget\" data-widget_type=\"image.default\">\n\t\t\t\t<div class=\"elementor-widget-container\">\n\t\t\t<style>\/*! elementor - v3.7.1 - 14-08-2022 *\/\n.elementor-widget-image{text-align:center}.elementor-widget-image a{display:inline-block}.elementor-widget-image a img[src$=\".svg\"]{width:48px}.elementor-widget-image img{vertical-align:middle;display:inline-block}<\/style>\t\t\t\t\t\t\t\t\t\t\t\t<img loading=\"lazy\" decoding=\"async\" width=\"750\" height=\"352\" src=\"https:\/\/tgedu.vn\/wp-content\/uploads\/2022\/08\/5.jpg\" class=\"attachment-medium_large size-medium_large\" alt=\"\" srcset=\"https:\/\/tgedu.vn\/wp-content\/uploads\/2022\/08\/5.jpg 750w, https:\/\/tgedu.vn\/wp-content\/uploads\/2022\/08\/5-300x141.jpg 300w, https:\/\/tgedu.vn\/wp-content\/uploads\/2022\/08\/5-18x8.jpg 18w\" sizes=\"auto, (max-width: 750px) 100vw, 750px\" data-id=\"4420\" \/>\t\t\t\t\t\t\t\t\t\t\t\t\t\t\t<\/div>\n\t\t\t\t<\/div>\n\t\t\t\t<section class=\"elementor-section elementor-inner-section elementor-element elementor-element-bcaee2d tm-column-break-ipad-no tm-col-stretched-none elementor-section-boxed elementor-section-height-default elementor-section-height-default\" data-id=\"bcaee2d\" data-element_type=\"section\">\n\t\t\t\t\t\t<div class=\"elementor-container elementor-column-gap-default\">\n\t\t\t\t\t<div class=\"elementor-column elementor-col-100 elementor-inner-column elementor-element elementor-element-823fa35\" data-id=\"823fa35\" data-element_type=\"column\">\n\t\t\t<div class=\"elementor-widget-wrap elementor-element-populated\">\n\t\t\t\t\t\t\t\t<div class=\"elementor-element elementor-element-10b662c elementor-widget elementor-widget-text-editor\" data-id=\"10b662c\" data-element_type=\"widget\" data-widget_type=\"text-editor.default\">\n\t\t\t\t<div class=\"elementor-widget-container\">\n\t\t\t<style>\/*! elementor - v3.7.1 - 14-08-2022 *\/\n.elementor-widget-text-editor.elementor-drop-cap-view-stacked .elementor-drop-cap{background-color:#818a91;color:#fff}.elementor-widget-text-editor.elementor-drop-cap-view-framed .elementor-drop-cap{color:#818a91;border:3px solid;background-color:transparent}.elementor-widget-text-editor:not(.elementor-drop-cap-view-default) .elementor-drop-cap{margin-top:8px}.elementor-widget-text-editor:not(.elementor-drop-cap-view-default) .elementor-drop-cap-letter{width:1em;height:1em}.elementor-widget-text-editor .elementor-drop-cap{float:left;text-align:center;line-height:1;font-size:50px}.elementor-widget-text-editor .elementor-drop-cap-letter{display:inline-block}<\/style>\t\t\t\t<p><div role=\"form\" class=\"wpcf7\" id=\"wpcf7-f4415-o1\" lang=\"en-US\" dir=\"ltr\">\n<div class=\"screen-reader-response\"><p role=\"status\" aria-live=\"polite\" aria-atomic=\"true\"><\/p> <ul><\/ul><\/div>\n<form action=\"\/vi\/wp-json\/wp\/v2\/pages\/4079#wpcf7-f4415-o1\" method=\"post\" class=\"wpcf7-form init\" novalidate=\"novalidate\" data-status=\"init\" data-trp-original-action=\"\/vi\/wp-json\/wp\/v2\/pages\/4079#wpcf7-f4415-o1\">\n<div style=\"display: none;\">\n<input type=\"hidden\" name=\"_wpcf7\" value=\"4415\" \/>\n<input type=\"hidden\" name=\"_wpcf7_version\" value=\"5.6.2\" \/>\n<input type=\"hidden\" name=\"_wpcf7_locale\" value=\"en_US\" \/>\n<input type=\"hidden\" name=\"_wpcf7_unit_tag\" value=\"wpcf7-f4415-o1\" \/>\n<input type=\"hidden\" name=\"_wpcf7_container_post\" value=\"0\" \/>\n<input type=\"hidden\" name=\"_wpcf7_posted_data_hash\" value=\"\" \/>\n<\/div>\n<p>T\u00ean c\u00f4ng ty \/ t\u1ed5 ch\u1ee9c\t\t(b\u1eaft bu\u1ed9c)<br \/>\n    <span class=\"wpcf7-form-control-wrap\" data-name=\"your-company-name\"><input type=\"text\" name=\"your-company-name\" value=\"\" size=\"40\" class=\"wpcf7-form-control wpcf7-text wpcf7-validates-as-required\" aria-required=\"true\" aria-invalid=\"false\" \/><\/span> <\/p>\n<p>L\u0129nh v\u1ef1c kinh doanh\t\t(b\u1eaft bu\u1ed9c)<br \/>\n    <span class=\"wpcf7-form-control-wrap\" data-name=\"your-Business-content\"><input type=\"text\" name=\"your-Business-content\" value=\"\" size=\"40\" class=\"wpcf7-form-control wpcf7-text wpcf7-validates-as-required\" aria-required=\"true\" aria-invalid=\"false\" \/><\/span> <\/p>\n<p>M\u00e3 b\u01b0u \u0111i\u1ec7n\t\t(b\u1eaft bu\u1ed9c)<br \/>\n    <span class=\"wpcf7-form-control-wrap\" data-name=\"number-455\"><input type=\"number\" name=\"number-455\" value=\"\" class=\"wpcf7-form-control wpcf7-number wpcf7-validates-as-number\" aria-invalid=\"false\" \/><\/span><\/p>\n<p>\u0110\u1ecba ch\u1ec9\t\t(b\u1eaft bu\u1ed9c)<br \/>\n    <span class=\"wpcf7-form-control-wrap\" data-name=\"your-address\"><input type=\"text\" name=\"your-address\" value=\"\" size=\"40\" class=\"wpcf7-form-control wpcf7-text wpcf7-validates-as-required\" aria-required=\"true\" aria-invalid=\"false\" \/><\/span> <\/p>\n<p>T\u00ean ng\u01b0\u1eddi ph\u1ee5 tr\u00e1ch\t\t(b\u1eaft bu\u1ed9c)<br \/>\n    <span class=\"wpcf7-form-control-wrap\" data-name=\"your-contact-person\"><input type=\"text\" name=\"your-contact-person\" value=\"\" size=\"40\" class=\"wpcf7-form-control wpcf7-text wpcf7-validates-as-required\" aria-required=\"true\" aria-invalid=\"false\" \/><\/span><\/p>\n<p>B\u1ed9 ph\u1eadn  \/ v\u1ecb tr\u00ed<br \/>\n    <span class=\"wpcf7-form-control-wrap\" data-name=\"Position\"><input type=\"text\" name=\"Position\" value=\"\" size=\"40\" class=\"wpcf7-form-control wpcf7-text wpcf7-validates-as-required\" aria-required=\"true\" aria-invalid=\"false\" \/><\/span> <\/p>\n<p>Tel\t\t(b\u1eaft bu\u1ed9c)<br \/>\n    <span class=\"wpcf7-form-control-wrap\" data-name=\"number-333\"><input type=\"number\" name=\"number-333\" value=\"\" class=\"wpcf7-form-control wpcf7-number wpcf7-validates-as-number\" aria-invalid=\"false\" \/><\/span> <\/p>\n<p>Fax<br \/>\n    <span class=\"wpcf7-form-control-wrap\" data-name=\"number-334\"><input type=\"number\" name=\"number-334\" value=\"\" class=\"wpcf7-form-control wpcf7-number wpcf7-validates-as-number\" aria-invalid=\"false\" \/><\/span><\/p>\n<p>Email\t\t(b\u1eaft bu\u1ed9c)<br \/>\n    <span class=\"wpcf7-form-control-wrap\" data-name=\"your-email\"><input type=\"email\" name=\"your-email\" value=\"\" size=\"40\" class=\"wpcf7-form-control wpcf7-text wpcf7-email wpcf7-validates-as-required wpcf7-validates-as-email\" aria-required=\"true\" aria-invalid=\"false\" \/><\/span><\/p>\n<p>Facebook<br \/>\n    <span class=\"wpcf7-form-control-wrap\" data-name=\"your-facebook\"><input type=\"text\" name=\"your-facebook\" value=\"\" size=\"40\" class=\"wpcf7-form-control wpcf7-text\" aria-invalid=\"false\" \/><\/span><\/p>\n<p>T\u00ecnh tr\u1ea1ng ti\u1ebfp nh\u1eadn<br \/>\n    <span class=\"wpcf7-form-control-wrap\" data-name=\"radio-520\"><span class=\"wpcf7-form-control wpcf7-radio\"><span class=\"wpcf7-list-item first\"><input type=\"radio\" name=\"radio-520\" value=\"\u65b0\u898f\u306b\u30d9\u30c8\u30ca\u30e0\u4eba\u5c31\u52b4\u8005\uff08\u6280\u80fd\u5b9f\u7fd2\u751f\u3001\u7279\u5b9a\u6280\u80fd\u5916\u56fd\u4eba\u3001\u30a4\u30f3\u30bf\u30fc\u30f3\u30b7\u30c3\u30d7\u751f\u30fb\u6280\u8853\u8005\uff09\u306e\u53d7\u5165\u308c\u3092\u691c\u8a0e\u4e2d\u3002\" checked=\"checked\" \/><span class=\"wpcf7-list-item-label\">\u0110ang xem x\u00e9t ti\u1ebfp nh\u1eadn lao \u0111\u1ed9ng Vi\u1ec7t Nam m\u1edbi (TTS KN, lao \u0111\u1ed9ng k\u1ef9 n\u0103ng \u0111\u1eb7c \u0111\u1ecbnh, sinh vi\u00ean th\u1ef1c t\u1eadp, k\u1ef9 thu\u1eadt vi\u00ean,...)<\/span><\/span><span class=\"wpcf7-list-item\"><input type=\"radio\" name=\"radio-520\" value=\"\u73fe\u5728\u5916\u56fd\u4eba\u5c31\u52b4\u8005\u3092\u53d7\u5165\u308c\u3066\u3044\u308b\u3002\" \/><span class=\"wpcf7-list-item-label\">Hi\u1ec7n \u0111ang ti\u1ebfp nh\u1eadn lao \u0111\u1ed9ng n\u01b0\u1edbc ngo\u00e0i<\/span><\/span><span class=\"wpcf7-list-item last\"><input type=\"radio\" name=\"radio-520\" value=\"\u904e\u53bb\u306b\u5916\u56fd\u4eba\u5c31\u52b4\u8005\u3092\u53d7\u5165\u308c\u3066\u3044\u305f\u3002\" \/><span class=\"wpcf7-list-item-label\">\u0110\u00e3 ti\u1ebfp nh\u1eadn lao \u0111\u1ed9ng n\u01b0\u1edbc ngo\u00e0i trong qu\u00e1 kh\u1ee9<\/span><\/span><\/span><\/span><br \/>\n    T\u00ean qu\u1ed1c gia c\u1ee7a ng\u01b0\u1eddi lao \u0111\u1ed9ng \u0111\u01b0\u1ee3c ti\u1ebfp nh\u1eadn hi\u1ec7n t\u1ea1i ho\u1eb7c trong qu\u00e1 kh\u1ee9 <span class=\"wpcf7-form-control-wrap\" data-name=\"text-902\"><input type=\"text\" name=\"text-902\" value=\"\" size=\"40\" class=\"wpcf7-form-control wpcf7-text wpcf7-validates-as-required\" aria-required=\"true\" aria-invalid=\"false\" \/><\/span><\/p>\n<p>N\u1ed9i dung trao \u0111\u1ed5i\t\t(b\u1eaft bu\u1ed9c)<br \/>\n    <span class=\"wpcf7-form-control-wrap\" data-name=\"textarea-512\"><textarea name=\"textarea-512\" cols=\"40\" rows=\"10\" class=\"wpcf7-form-control wpcf7-textarea\" aria-invalid=\"false\"><\/textarea><\/span><\/p>\n<p><a href=\"http:\/\/tgedu.vn\/vi\/%e5%80%8b%e4%ba%ba%e6%83%85%e5%a0%b1%e4%bf%9d%e8%ad%b7%e6%96%b9%e9%87%9d\/\" target=\"_blank\" rel=\"noreferrer noopener\">Ch\u00ednh s\u00e1ch b\u1ea3o m\u1eadt th\u00f4ng tin c\u00e1 nh\u00e2n<\/a><\/p>\n<p><input type=\"submit\" value=\"X\u00e1c nh\u1eadn\" class=\"wpcf7-form-control has-spinner wpcf7-submit\" \/><\/p>\n<div class=\"wpcf7-response-output\" aria-hidden=\"true\"><\/div><input type=\"hidden\" name=\"trp-form-language\" value=\"vi\"\/><\/form><\/div><\/p>\t\t\t\t\t\t<\/div>\n\t\t\t\t<\/div>\n\t\t\t\t\t<\/div>\n\t\t<\/div>\n\t\t\t\t\t\t\t<\/div>\n\t\t<\/section>\n\t\t\t\t\t<\/div>\n\t\t<\/div>\n\t\t\t\t\t\t\t<\/div>\n\t\t<\/section>\n\t\t\t\t<section class=\"elementor-section elementor-top-section elementor-element elementor-element-75329663 tm-bgcolor-grey elementor-section-stretched tm-column-break-ipad-yes tm-col-stretched-none elementor-section-boxed elementor-section-height-default elementor-section-height-default\" data-id=\"75329663\" data-element_type=\"section\" data-settings=\"{&quot;stretch_section&quot;:&quot;section-stretched&quot;}\">\n\t\t\t\t\t\t<div class=\"elementor-container elementor-column-gap-no\">\n\t\t\t\t\t<div class=\"elementor-column elementor-col-33 elementor-top-column elementor-element elementor-element-4a2d8786\" data-id=\"4a2d8786\" data-element_type=\"column\">\n\t\t\t<div class=\"elementor-widget-wrap elementor-element-populated\">\n\t\t\t\t\t\t\t\t<div class=\"elementor-element elementor-element-4a4b1d72 elementor-widget elementor-widget-tm_icon_heading\" data-id=\"4a4b1d72\" data-element_type=\"widget\" data-widget_type=\"tm_icon_heading.default\">\n\t\t\t\t<div class=\"elementor-widget-container\">\n\t\t\t\n<div class=\"themetechmount-iconbox themetechmount-iconbox-stylefive themetechmount-iconcolor-skincolor\">\n<div class=\"themetechmount-iconbox-inner\">\n\t\t<div class=\"tm-iconbox-wrapper\">\n\t\t\t<div class=\"themetechmount-iconbox-icon\">\n\t\t\t<div class=\"tm-box-icon\"><i class=\"far fa-envelope\"><\/i><\/div>\t\t\t<\/div>\n\t\t\t<div class=\"themetechmount-iconbox-heading\">\n\t\t\t\t<h2 class=\"tm-custom-heading\">\n\t\t\t\t\t\n\t\t\t\t\t\t\u0110\u1ecba ch\u1ec9 mail\n\t\t\t\t\t\n\t\t\t\t\t<\/h2>\n\t\t\t\t\t\t\t\t\t\t\t\t<div class=\"tm-cta3-content-wrapper\">info@tgedu.vn<\/div>\t\t\t\t\t\t\t<\/div>\t\n\t\t\t\t\t<\/div>\n\t<\/div>\t\n\n<\/div>\n\t\t<\/div>\n\t\t\t\t<\/div>\n\t\t\t\t\t<\/div>\n\t\t<\/div>\n\t\t\t\t<div class=\"elementor-column elementor-col-33 elementor-top-column elementor-element elementor-element-5e5facb7\" data-id=\"5e5facb7\" data-element_type=\"column\">\n\t\t\t<div class=\"elementor-widget-wrap elementor-element-populated\">\n\t\t\t\t\t\t\t\t<div class=\"elementor-element elementor-element-452b3300 elementor-widget elementor-widget-tm_icon_heading\" data-id=\"452b3300\" data-element_type=\"widget\" data-widget_type=\"tm_icon_heading.default\">\n\t\t\t\t<div class=\"elementor-widget-container\">\n\t\t\t\n<div class=\"themetechmount-iconbox themetechmount-iconbox-stylefive themetechmount-iconcolor-skincolor\">\n<div class=\"themetechmount-iconbox-inner\">\n\t\t<div class=\"tm-iconbox-wrapper\">\n\t\t\t<div class=\"themetechmount-iconbox-icon\">\n\t\t\t<div class=\"tm-box-icon\"><i class=\"fas fa-phone-alt\"><\/i><\/div>\t\t\t<\/div>\n\t\t\t<div class=\"themetechmount-iconbox-heading\">\n\t\t\t\t<h2 class=\"tm-custom-heading\">\n\t\t\t\t\t\n\t\t\t\t\t\tS\u1ed1 \u0111i\u1ec7n tho\u1ea1i\n\t\t\t\t\t\n\t\t\t\t\t<\/h2>\n\t\t\t\t\t\t\t\t\t\t\t\t<div class=\"tm-cta3-content-wrapper\">(+84) 338 883 503<\/div>\t\t\t\t\t\t\t<\/div>\t\n\t\t\t\t\t<\/div>\n\t<\/div>\t\n\n<\/div>\n\t\t<\/div>\n\t\t\t\t<\/div>\n\t\t\t\t\t<\/div>\n\t\t<\/div>\n\t\t\t\t<div class=\"elementor-column elementor-col-33 elementor-top-column elementor-element elementor-element-7bf105b7\" data-id=\"7bf105b7\" data-element_type=\"column\">\n\t\t\t<div class=\"elementor-widget-wrap elementor-element-populated\">\n\t\t\t\t\t\t\t\t<div class=\"elementor-element elementor-element-405baeb1 elementor-widget elementor-widget-tm_icon_heading\" data-id=\"405baeb1\" data-element_type=\"widget\" data-widget_type=\"tm_icon_heading.default\">\n\t\t\t\t<div class=\"elementor-widget-container\">\n\t\t\t\n<div class=\"themetechmount-iconbox themetechmount-iconbox-stylefive themetechmount-iconcolor-skincolor\">\n<div class=\"themetechmount-iconbox-inner\">\n\t\t<div class=\"tm-iconbox-wrapper\">\n\t\t\t<div class=\"themetechmount-iconbox-icon\">\n\t\t\t<div class=\"tm-box-icon\"><i class=\"fas fa-map-marker-alt\"><\/i><\/div>\t\t\t<\/div>\n\t\t\t<div class=\"themetechmount-iconbox-heading\">\n\t\t\t\t<h2 class=\"tm-custom-heading\">\n\t\t\t\t\t\n\t\t\t\t\t\t\u0110\u1ecba ch\u1ec9\n\t\t\t\t\t\n\t\t\t\t\t<\/h2>\n\t\t\t\t\t\t\t\t\t\t\t\t<div class=\"tm-cta3-content-wrapper\">No1 E7, Truong Phat, Truong An, An Khanh, Hoai Duc, Ha Noi<\/div>\t\t\t\t\t\t\t<\/div>\t\n\t\t\t\t\t<\/div>\n\t<\/div>\t\n\n<\/div>\n\t\t<\/div>\n\t\t\t\t<\/div>\n\t\t\t\t\t<\/div>\n\t\t<\/div>\n\t\t\t\t\t\t\t<\/div>\n\t\t<\/section>\n\t\t\t\t\t\t\t<\/div>","protected":false},"excerpt":{"rendered":"<p>\u304a\u554f\u3044\u5408\u308f\u305b\u30d5\u30a9\u30fc\u30e0 \u30d9\u30c8\u30ca\u30e0\u4eba\u30a4\u30f3\u30bf\u30fc\u30f3\u30b7\u30c3\u30d7\u30fb\u7279\u5b9a\u6280\u80fd\u8005\u30fb\u6280\u8853\u8005\u306a\u3069\u306e\u53d7\u5165\u308c\u3092\u3054\u691c\u8a0e\u3057\u3066\u3044\u308b \u4f01\u696d\u30fb\u56e3\u4f53\u69d8 &hellip; <a href=\"http:\/\/tgedu.vn\/vi\/%e3%81%8a%e5%95%8f%e3%81%84%e5%90%88%e3%82%8f%e3%81%9b\/\" class=\"more-link\">Continue reading <span class=\"screen-reader-text\">Li\u00ean h\u1ec7<\/span><\/a><\/p>","protected":false},"author":2,"featured_media":0,"parent":0,"menu_order":0,"comment_status":"closed","ping_status":"closed","template":"","meta":{"footnotes":""},"class_list":["post-4079","page","type-page","status-publish","hentry"],"_links":{"self":[{"href":"http:\/\/tgedu.vn\/vi\/wp-json\/wp\/v2\/pages\/4079","targetHints":{"allow":["GET"]}}],"collection":[{"href":"http:\/\/tgedu.vn\/vi\/wp-json\/wp\/v2\/pages"}],"about":[{"href":"http:\/\/tgedu.vn\/vi\/wp-json\/wp\/v2\/types\/page"}],"author":[{"embeddable":true,"href":"http:\/\/tgedu.vn\/vi\/wp-json\/wp\/v2\/users\/2"}],"replies":[{"embeddable":true,"href":"http:\/\/tgedu.vn\/vi\/wp-json\/wp\/v2\/comments?post=4079"}],"version-history":[{"count":25,"href":"http:\/\/tgedu.vn\/vi\/wp-json\/wp\/v2\/pages\/4079\/revisions"}],"predecessor-version":[{"id":5177,"href":"http:\/\/tgedu.vn\/vi\/wp-json\/wp\/v2\/pages\/4079\/revisions\/5177"}],"wp:attachment":[{"href":"http:\/\/tgedu.vn\/vi\/wp-json\/wp\/v2\/media?parent=4079"}],"curies":[{"name":"wp","href":"https:\/\/api.w.org\/{rel}","templated":true}]}}