{"id":804,"date":"2019-09-11T04:24:33","date_gmt":"2019-09-11T04:24:33","guid":{"rendered":"http:\/\/localhost\/it-bizz\/?page_id=804"},"modified":"2023-05-04T04:20:44","modified_gmt":"2023-05-04T04:20:44","slug":"%e4%bc%9a%e7%a4%be%e6%a6%82%e8%a6%81","status":"publish","type":"page","link":"http:\/\/tgedu.vn\/vi\/%e4%bc%9a%e7%a4%be%e6%a6%82%e8%a6%81\/","title":{"rendered":"Gi\u1edbi thi\u1ec7u"},"content":{"rendered":"<div data-elementor-type=\"wp-page\" data-elementor-id=\"804\" class=\"elementor elementor-804\">\n\t\t\t\t\t\t\t\t\t<section class=\"elementor-section elementor-top-section elementor-element elementor-element-3657cbdb tm-column-break-ipad-yes tm-col-stretched-none elementor-section-boxed elementor-section-height-default elementor-section-height-default\" data-id=\"3657cbdb\" data-element_type=\"section\">\n\t\t\t\t\t\t<div class=\"elementor-container elementor-column-gap-default\">\n\t\t\t\t\t<div class=\"elementor-column elementor-col-50 elementor-top-column elementor-element elementor-element-38743cf9\" data-id=\"38743cf9\" data-element_type=\"column\">\n\t\t\t<div class=\"elementor-widget-wrap elementor-element-populated\">\n\t\t\t\t\t\t\t\t<div class=\"elementor-element elementor-element-1fc3e44d elementor-widget elementor-widget-image\" data-id=\"1fc3e44d\" data-element_type=\"widget\" data-widget_type=\"image.default\">\n\t\t\t\t<div class=\"elementor-widget-container\">\n\t\t\t<style>\/*! elementor - v3.7.1 - 14-08-2022 *\/\n.elementor-widget-image{text-align:center}.elementor-widget-image a{display:inline-block}.elementor-widget-image a img[src$=\".svg\"]{width:48px}.elementor-widget-image img{vertical-align:middle;display:inline-block}<\/style>\t\t\t\t\t\t\t\t\t\t\t\t<img loading=\"lazy\" decoding=\"async\" width=\"1499\" height=\"833\" src=\"https:\/\/tgedu.vn\/wp-content\/uploads\/2022\/08\/1-1.jpg\" class=\"attachment-full size-full\" alt=\"\" srcset=\"https:\/\/tgedu.vn\/wp-content\/uploads\/2022\/08\/1-1.jpg 1499w, https:\/\/tgedu.vn\/wp-content\/uploads\/2022\/08\/1-1-300x167.jpg 300w, https:\/\/tgedu.vn\/wp-content\/uploads\/2022\/08\/1-1-1024x569.jpg 1024w, https:\/\/tgedu.vn\/wp-content\/uploads\/2022\/08\/1-1-768x427.jpg 768w, https:\/\/tgedu.vn\/wp-content\/uploads\/2022\/08\/1-1-18x10.jpg 18w\" sizes=\"auto, (max-width: 1499px) 100vw, 1499px\" data-id=\"4398\" \/>\t\t\t\t\t\t\t\t\t\t\t\t\t\t\t<\/div>\n\t\t\t\t<\/div>\n\t\t\t\t\t<\/div>\n\t\t<\/div>\n\t\t\t\t<div class=\"elementor-column elementor-col-50 elementor-top-column elementor-element elementor-element-648ec405\" data-id=\"648ec405\" data-element_type=\"column\">\n\t\t\t<div class=\"elementor-widget-wrap elementor-element-populated\">\n\t\t\t\t\t\t\t\t<div class=\"elementor-element elementor-element-e0e80d8 tm-align-left elementor-widget elementor-widget-tm_heading\" data-id=\"e0e80d8\" data-element_type=\"widget\" data-widget_type=\"tm_heading.default\">\n\t\t\t\t<div class=\"elementor-widget-container\">\n\t\t\t<div class=\"tm-element-heading-content-wrapper left-align tm-reverse-heading-yes tm-seperator-solid  tm-heading-style-vertical\"><div class=\"tm-content-header\"><h2 class=\"tm-element-content-heading tm-custom-heading\">\n\t\t\t\tL\u1eddi ch\u00e0o\n\t\t\t<\/h2>\n\t\t<div class=\"heading-seperator\"><span><\/span><\/div><\/div><\/div>\t\t<\/div>\n\t\t\t\t<\/div>\n\t\t\t\t<div class=\"elementor-element elementor-element-673e1d7 elementor-widget elementor-widget-text-editor\" data-id=\"673e1d7\" data-element_type=\"widget\" data-widget_type=\"text-editor.default\">\n\t\t\t\t<div class=\"elementor-widget-container\">\n\t\t\t<style>\/*! elementor - v3.7.1 - 14-08-2022 *\/\n.elementor-widget-text-editor.elementor-drop-cap-view-stacked .elementor-drop-cap{background-color:#818a91;color:#fff}.elementor-widget-text-editor.elementor-drop-cap-view-framed .elementor-drop-cap{color:#818a91;border:3px solid;background-color:transparent}.elementor-widget-text-editor:not(.elementor-drop-cap-view-default) .elementor-drop-cap{margin-top:8px}.elementor-widget-text-editor:not(.elementor-drop-cap-view-default) .elementor-drop-cap-letter{width:1em;height:1em}.elementor-widget-text-editor .elementor-drop-cap{float:left;text-align:center;line-height:1;font-size:50px}.elementor-widget-text-editor .elementor-drop-cap-letter{display:inline-block}<\/style>\t\t\t\t<p>C\u00f4ng ty TNHH \u0110\u1ea7u t\u01b0 v\u00e0 Ph\u00e1t tri\u1ec3n Th\u01b0\u01a1ng m\u1ea1i Thanh Giang (\u201cTG Vi\u1ec7t Nam\u201d) l\u00e0 m\u1ed9t c\u00f4ng ty gi\u1edbi thi\u1ec7u v\u00e0 cung c\u1ea5p nh\u00e2n l\u1ef1c ng\u01b0\u1eddi Vi\u1ec7t Nam - ngu\u1ed3n nh\u00e2n l\u1ef1c \u0111\u01b0\u1ee3c \u0111\u00e1nh gi\u00e1 l\u00e0 th\u00f4ng minh, kh\u00e9o l\u00e9o v\u00e0 c\u1ea7n c\u00f9. \u0110\u1ed3ng th\u1eddi TG Vi\u1ec7t Nam c\u0169ng l\u00e0 \u0111\u01a1n v\u1ecb chuy\u00ean x\u00fac ti\u1ebfn, k\u1ebft n\u1ed1i v\u00e0 t\u01b0 v\u1ea5n \u0111\u1ea7u t\u01b0 v\u1edbi m\u1ee5c ti\u00eau l\u00e0 \u201cC\u1ea7u n\u1ed1i g\u1eafn k\u1ebft gi\u1eefa nh\u00e0 \u0111\u1ea7u t\u01b0 n\u01b0\u1edbc ngo\u00e0i v\u00e0 Vi\u1ec7t Nam\u201d<\/p><p>Ch\u00fang t\u00f4i chuy\u00ean gi\u1edbi thi\u1ec7u v\u00e0 cung c\u1ea5p nh\u00e2n l\u1ef1c ng\u01b0\u1eddi Vi\u1ec7t Nam - ngu\u1ed3n nh\u00e2n l\u1ef1c \u0111\u01b0\u1ee3c \u0111\u00e1nh gi\u00e1 l\u00e0 th\u00f4ng minh, kh\u00e9o l\u00e9o v\u00e0 c\u1ea7n c\u00f9.<\/p><p>K\u1ec3 t\u1eeb khi th\u00e0nh l\u1eadp v\u00e0o n\u0103m 2015, ch\u00fang t\u00f4i s\u1eb5n s\u00e0ng \u0111\u00e1p \u1ee9ng m\u1ecdi nhu c\u1ea7u v\u1ec1 nh\u00e2n l\u1ef1c c\u1ee7a kh\u00e1ch h\u00e0ng v\u00e0 \u0111\u1ed1i t\u00e1c, bao g\u1ed3m c\u1ea3 sinh vi\u00ean th\u1ef1c t\u1eadp v\u00e0 cung \u1ee9ng k\u1ef9 thu\u1eadt vi\u00ean. Ch\u00fang t\u00f4i cam k\u1ebft s\u1ebd mang \u0111\u1ebfn cho kh\u00e1ch h\u00e0ng ngu\u1ed3n nh\u00e2n l\u1ef1c t\u1ed1t nh\u1ea5t, ch\u1ea5t l\u01b0\u1ee3ng nh\u1ea5t c\u0169ng nh\u01b0 c\u00e1c ph\u01b0\u01a1ng \u00e1n \u0111\u1ea7u t\u01b0, giao th\u01b0\u01a1ng... nh\u1eb1m gi\u00fap h\u1ecd \u0111\u1ea1t \u0111\u01b0\u1ee3c m\u1ee5c ti\u00eau s\u1ea3n xu\u1ea5t kinh doanh v\u00e0 n\u00e2ng cao kh\u1ea3 n\u0103ng c\u1ea1nh tranh tr\u00ean th\u1ecb tr\u01b0\u1eddng.<\/p><p>Ch\u00fang t\u00f4i s\u1ebd ti\u1ebfp t\u1ee5c n\u1ed7 l\u1ef1c ho\u00e0n thi\u1ec7n c\u00e1c th\u1ebf m\u1ea1nh c\u1ee7a m\u00ecnh, cung c\u1ea5p c\u00e1c d\u1ecbch v\u1ee5 ch\u1ea5t l\u01b0\u1ee3ng cao v\u1edbi \u0111\u1ea7y \u0111\u1ee7 c\u00f4ng ngh\u1ec7 ti\u00ean ti\u1ebfn, t\u1ea1o \u0111\u01b0\u1ee3c s\u1ef1 tin t\u01b0\u1edfng c\u1ee7a kh\u00e1ch h\u00e0ng v\u00e0 \u0111\u1ed1i t\u00e1c.<\/p><p>R\u1ea5t mong ti\u1ebfp t\u1ee5c nh\u1eadn \u0111\u01b0\u1ee3c s\u1ef1 c\u1ed9ng t\u00e1c ch\u1eb7t ch\u1ebd c\u1ee7a qu\u00fd v\u1ecb.<\/p>\t\t\t\t\t\t<\/div>\n\t\t\t\t<\/div>\n\t\t\t\t<div class=\"elementor-element elementor-element-b6d19ea elementor-widget elementor-widget-text-editor\" data-id=\"b6d19ea\" data-element_type=\"widget\" data-widget_type=\"text-editor.default\">\n\t\t\t\t<div class=\"elementor-widget-container\">\n\t\t\t\t\t\t\t<div class=\" translation-block\">Gi\u00e1m \u0111\u1ed1c<\/div><div>Ms. Nguy\u1ec5n Th\u1ecb H\u1ed3ng H\u1ea1nh<br \/><p><\/p><\/div>\t\t\t\t\t\t<\/div>\n\t\t\t\t<\/div>\n\t\t\t\t<div class=\"elementor-element elementor-element-0ea2b1b elementor-widget-divider--view-line elementor-widget elementor-widget-divider\" data-id=\"0ea2b1b\" data-element_type=\"widget\" data-widget_type=\"divider.default\">\n\t\t\t\t<div class=\"elementor-widget-container\">\n\t\t\t<style>\/*! elementor - v3.7.1 - 14-08-2022 *\/\n.elementor-widget-divider{--divider-border-style:none;--divider-border-width:1px;--divider-color:#2c2c2c;--divider-icon-size:20px;--divider-element-spacing:10px;--divider-pattern-height:24px;--divider-pattern-size:20px;--divider-pattern-url:none;--divider-pattern-repeat:repeat-x}.elementor-widget-divider .elementor-divider{display:-webkit-box;display:-ms-flexbox;display:flex}.elementor-widget-divider .elementor-divider__text{font-size:15px;line-height:1;max-width:95%}.elementor-widget-divider .elementor-divider__element{margin:0 var(--divider-element-spacing);-ms-flex-negative:0;flex-shrink:0}.elementor-widget-divider .elementor-icon{font-size:var(--divider-icon-size)}.elementor-widget-divider .elementor-divider-separator{display:-webkit-box;display:-ms-flexbox;display:flex;margin:0;direction:ltr}.elementor-widget-divider--view-line_icon .elementor-divider-separator,.elementor-widget-divider--view-line_text .elementor-divider-separator{-webkit-box-align:center;-ms-flex-align:center;align-items:center}.elementor-widget-divider--view-line_icon .elementor-divider-separator:after,.elementor-widget-divider--view-line_icon .elementor-divider-separator:before,.elementor-widget-divider--view-line_text .elementor-divider-separator:after,.elementor-widget-divider--view-line_text .elementor-divider-separator:before{display:block;content:\"\";border-bottom:0;-webkit-box-flex:1;-ms-flex-positive:1;flex-grow:1;border-top:var(--divider-border-width) var(--divider-border-style) var(--divider-color)}.elementor-widget-divider--element-align-left .elementor-divider .elementor-divider-separator>.elementor-divider__svg:first-of-type{-webkit-box-flex:0;-ms-flex-positive:0;flex-grow:0;-ms-flex-negative:100;flex-shrink:100}.elementor-widget-divider--element-align-left .elementor-divider-separator:before{content:none}.elementor-widget-divider--element-align-left .elementor-divider__element{margin-left:0}.elementor-widget-divider--element-align-right .elementor-divider .elementor-divider-separator>.elementor-divider__svg:last-of-type{-webkit-box-flex:0;-ms-flex-positive:0;flex-grow:0;-ms-flex-negative:100;flex-shrink:100}.elementor-widget-divider--element-align-right .elementor-divider-separator:after{content:none}.elementor-widget-divider--element-align-right .elementor-divider__element{margin-right:0}.elementor-widget-divider:not(.elementor-widget-divider--view-line_text):not(.elementor-widget-divider--view-line_icon) .elementor-divider-separator{border-top:var(--divider-border-width) var(--divider-border-style) var(--divider-color)}.elementor-widget-divider--separator-type-pattern{--divider-border-style:none}.elementor-widget-divider--separator-type-pattern.elementor-widget-divider--view-line .elementor-divider-separator,.elementor-widget-divider--separator-type-pattern:not(.elementor-widget-divider--view-line) .elementor-divider-separator:after,.elementor-widget-divider--separator-type-pattern:not(.elementor-widget-divider--view-line) .elementor-divider-separator:before,.elementor-widget-divider--separator-type-pattern:not([class*=elementor-widget-divider--view]) .elementor-divider-separator{width:100%;min-height:var(--divider-pattern-height);-webkit-mask-size:var(--divider-pattern-size) 100%;mask-size:var(--divider-pattern-size) 100%;-webkit-mask-repeat:var(--divider-pattern-repeat);mask-repeat:var(--divider-pattern-repeat);background-color:var(--divider-color);-webkit-mask-image:var(--divider-pattern-url);mask-image:var(--divider-pattern-url)}.elementor-widget-divider--no-spacing{--divider-pattern-size:auto}.elementor-widget-divider--bg-round{--divider-pattern-repeat:round}.rtl .elementor-widget-divider .elementor-divider__text{direction:rtl}.e-container>.elementor-widget-divider{width:var(--container-widget-width,100%);-webkit-box-flex:1;-ms-flex-positive:1;flex-grow:1}<\/style>\t\t<div class=\"elementor-divider\">\n\t\t\t<span class=\"elementor-divider-separator\">\n\t\t\t\t\t\t<\/span>\n\t\t<\/div>\n\t\t\t\t<\/div>\n\t\t\t\t<\/div>\n\t\t\t\t\t<\/div>\n\t\t<\/div>\n\t\t\t\t\t\t\t<\/div>\n\t\t<\/section>\n\t\t\t\t<section class=\"elementor-section elementor-top-section elementor-element elementor-element-2e92ab2 tm-column-break-ipad-no tm-col-stretched-none elementor-section-boxed elementor-section-height-default elementor-section-height-default\" data-id=\"2e92ab2\" data-element_type=\"section\">\n\t\t\t\t\t\t<div class=\"elementor-container elementor-column-gap-default\">\n\t\t\t\t\t<div class=\"elementor-column elementor-col-100 elementor-top-column elementor-element elementor-element-c19451c\" data-id=\"c19451c\" data-element_type=\"column\">\n\t\t\t<div class=\"elementor-widget-wrap elementor-element-populated\">\n\t\t\t\t\t\t\t\t<div class=\"elementor-element elementor-element-9a6ec80 elementor-widget elementor-widget-heading\" data-id=\"9a6ec80\" data-element_type=\"widget\" data-widget_type=\"heading.default\">\n\t\t\t\t<div class=\"elementor-widget-container\">\n\t\t\t<style>\/*! elementor - v3.7.1 - 14-08-2022 *\/\n.elementor-heading-title{padding:0;margin:0;line-height:1}.elementor-widget-heading .elementor-heading-title[class*=elementor-size-]>a{color:inherit;font-size:inherit;line-height:inherit}.elementor-widget-heading .elementor-heading-title.elementor-size-small{font-size:15px}.elementor-widget-heading .elementor-heading-title.elementor-size-medium{font-size:19px}.elementor-widget-heading .elementor-heading-title.elementor-size-large{font-size:29px}.elementor-widget-heading .elementor-heading-title.elementor-size-xl{font-size:39px}.elementor-widget-heading .elementor-heading-title.elementor-size-xxl{font-size:59px}<\/style><h2 class=\"elementor-heading-title elementor-size-default\">Gi\u1edbi thi\u1ec7u<\/h2>\t\t<\/div>\n\t\t\t\t<\/div>\n\t\t\t\t<div class=\"elementor-element elementor-element-206c418 elementor-widget elementor-widget-text-editor\" data-id=\"206c418\" data-element_type=\"widget\" data-widget_type=\"text-editor.default\">\n\t\t\t\t<div class=\"elementor-widget-container\">\n\t\t\t\t\t\t\t<p>\n<table id=\"tablepress-2\" class=\"tablepress tablepress-id-2 my-class\">\n<tbody>\n<tr class=\"row-1 odd\">\n\t<td class=\"column-1\">T\u00ean c\u00f4ng ty<\/td><td class=\"column-2\">C\u00f4ng ty TNHH \u0110\u1ea7u t\u01b0 v\u00e0 Ph\u00e1t tri\u1ec3n Th\u01b0\u01a1ng m\u1ea1i Thanh Giang \n(TG INVESCO CO.,LTD)<\/td>\n<\/tr>\n<tr class=\"row-2 even\">\n\t<td class=\"column-1\">Th\u00e0nh l\u1eadp<\/td><td class=\"column-2\">Th\u00e1ng 05 n\u0103m 2006:  th\u00e0nh l\u1eadp Trung t\u00e2m H\u1ed7 tr\u1ee3 \u0111\u00e0o t\u1ea1o nh\u00e2n l\u1ef1c<br \/>\nTh\u00e1ng 12 n\u0103m 2015:  th\u00e0nh l\u1eadp C\u00f4ng ty<br \/>\n<\/td>\n<\/tr>\n<tr class=\"row-3 odd\">\n\t<td class=\"column-1\">Ng\u00e0nh ngh\u1ec1 kinh doanh<\/td><td class=\"column-2\">1. Gi\u1edbi thi\u1ec7u vi\u1ec7c l\u00e0m t\u1ea1i n\u01b0\u1edbc ngo\u00e0i cho nh\u00e2n l\u1ef1c ch\u1ea5t l\u01b0\u1ee3ng cao, k\u1ef9 thu\u1eadt vi\u00ean<br \/>\n2. T\u01b0 v\u1ea5n ti\u1ebfp nh\u1eadn lao \u0111\u1ed9ng ph\u1ed5 th\u00f4ng n\u01b0\u1edbc ngo\u00e0i<br \/>\n3. Gi\u1edbi thi\u1ec7u sinh vi\u00ean \u0111i th\u1ef1c t\u1eadp n\u01b0\u1edbc ngo\u00e0i (Internship)<br \/>\n4. T\u01b0 v\u1ea5n du h\u1ecdc Nh\u1eadt B\u1ea3n, H\u00e0n Qu\u1ed1c\u2026<br \/>\n5. H\u1ed7 tr\u1ee3 \u0111\u00e0o t\u1ea1o lao \u0111\u1ed9ng n\u01b0\u1edbc ngo\u00e0i<br \/>\n6. D\u1ecbch v\u1ee5 BPO<br \/>\n7. T\u01b0 v\u1ea5n v\u00e0 x\u00fac ti\u1ebfn \u0111\u1ea7u t\u01b0 n\u01b0\u1edbc ngo\u00e0i<br \/>\n8. Xu\u1ea5t nh\u1eadp kh\u1ea9u\u2026<br \/>\n<\/td>\n<\/tr>\n<tr class=\"row-4 even\">\n\t<td class=\"column-1\">\u0110\u1ea1i di\u1ec7n<\/td><td class=\"column-2\">Gi\u00e1m \u0111\u1ed1c \u0111i\u1ec1u h\u00e0nh: KIM SUNG CHUL<br \/>\nGi\u00e1m \u0111\u1ed1c \u0111i\u1ec1u h\u00e0nh t\u1ea1i Vi\u1ec7t Nam: NGUY\u1ec4N TH\u1eca H\u1ed2NG H\u1ea0NH<\/td>\n<\/tr>\n<tr class=\"row-5 odd\">\n\t<td colspan=\"2\" class=\"column-1\">C\u01a1 s\u1edf ho\u1ea1t \u0111\u1ed9ng t\u1ea1i Vi\u1ec7t Nam<\/td>\n<\/tr>\n<tr class=\"row-6 even\">\n\t<td class=\"column-1\">T\u1ed5ng c\u00f4ng ty<\/td><td class=\"column-2\">No1 E7, Tr\u01b0\u1eddng Ph\u00e1t, Tr\u01b0\u1eddng An, An Kh\u00e1nh, Ho\u00e0i \u0110\u1ee9c, H\u00e0 N\u1ed9i<br \/>\nTel:     +84-24-6663-3188<br \/>\nFax: +84-24-3326-1666<br \/>\n<\/td>\n<\/tr>\n<tr class=\"row-7 odd\">\n\t<td colspan=\"2\" class=\"column-1\">C\u01a1 s\u1edf ho\u1ea1t \u0111\u1ed9ng t\u1ea1i n\u01b0\u1edbc ngo\u00e0i<\/td>\n<\/tr>\n<tr class=\"row-8 even\">\n\t<td class=\"column-1\">Nh\u1eadt B\u1ea3n<\/td><td class=\"column-2\">C\u00f4ng ty con:<br \/>\nC\u00f4ng ty c\u1ed5 ph\u1ea7n TG\nSEIKOHSHA<br \/>\n\u3012105-0004 Tokyo-to, Minato-ku, Shinbashi 2 Chome - 11 - 5, Hasegawa Building<br \/>\n<\/td>\n<\/tr>\n<tr class=\"row-9 odd\">\n\t<td class=\"column-1\">H\u00e0n Qu\u1ed1c<\/td><td class=\"column-2\">C\u00f4ng ty con:<br \/>\nC\u00f4ng ty c\u1ed5 ph\u1ea7n TG KOREA<br \/>\n\u301222636\u3000820,8F 153, Wanjeong-ro, Seo-gu, Incheon, Korea<\/td>\n<\/tr>\n<\/tbody>\n<\/table>\n<!-- #tablepress-2 from cache --><\/p>\t\t\t\t\t\t<\/div>\n\t\t\t\t<\/div>\n\t\t\t\t\t<\/div>\n\t\t<\/div>\n\t\t\t\t\t\t\t<\/div>\n\t\t<\/section>\n\t\t\t\t<section class=\"elementor-section elementor-top-section elementor-element elementor-element-5d86573 tm-column-break-ipad-no tm-col-stretched-none elementor-section-boxed elementor-section-height-default elementor-section-height-default\" data-id=\"5d86573\" data-element_type=\"section\">\n\t\t\t\t\t\t<div class=\"elementor-container elementor-column-gap-default\">\n\t\t\t\t\t<div class=\"elementor-column elementor-col-100 elementor-top-column elementor-element elementor-element-dc2538f\" data-id=\"dc2538f\" data-element_type=\"column\">\n\t\t\t<div class=\"elementor-widget-wrap elementor-element-populated\">\n\t\t\t\t\t\t\t\t<div class=\"elementor-element elementor-element-c567d77 elementor-widget elementor-widget-text-editor\" data-id=\"c567d77\" data-element_type=\"widget\" data-widget_type=\"text-editor.default\">\n\t\t\t\t<div class=\"elementor-widget-container\">\n\t\t\t\t\t\t\t<p><strong>Access Map<\/strong><\/p>\t\t\t\t\t\t<\/div>\n\t\t\t\t<\/div>\n\t\t\t\t<div class=\"elementor-element elementor-element-0420f4c elementor-widget elementor-widget-google_maps\" data-id=\"0420f4c\" data-element_type=\"widget\" data-widget_type=\"google_maps.default\">\n\t\t\t\t<div class=\"elementor-widget-container\">\n\t\t\t<style>\/*! elementor - v3.7.1 - 14-08-2022 *\/\n.elementor-widget-google_maps .elementor-widget-container{overflow:hidden}.elementor-widget-google_maps iframe{height:300px}<\/style>\t\t<div class=\"elementor-custom-embed\">\n\t\t\t<iframe frameborder=\"0\" scrolling=\"no\" marginheight=\"0\" marginwidth=\"0\"\n\t\t\t\t\tsrc=\"https:\/\/maps.google.com\/maps?q=XPWM%2BJ4C%2C%20An%20Kh%C3%A1nh%2C%20Ho%C3%A0i%20%C4%90%E1%BB%A9c%2C%20H%C3%A0%20N%E1%BB%99i&#038;t=m&#038;z=15&#038;output=embed&#038;iwloc=near\"\n\t\t\t\t\ttitle=\"XPWM+J4C, An Kh\u00e1nh, Ho\u00e0i \u0110\u1ee9c, H\u00e0 N\u1ed9i\"\n\t\t\t\t\taria-label=\"XPWM+J4C, An Kh\u00e1nh, Ho\u00e0i \u0110\u1ee9c, H\u00e0 N\u1ed9i\"\n\t\t\t><\/iframe>\n\t\t<\/div>\n\t\t\t\t<\/div>\n\t\t\t\t<\/div>\n\t\t\t\t\t<\/div>\n\t\t<\/div>\n\t\t\t\t\t\t\t<\/div>\n\t\t<\/section>\n\t\t\t\t\t\t\t<\/div>","protected":false},"excerpt":{"rendered":"<p>\u3054\u6328\u62f6 TG INVESCO Co.,Ltd.\u306e\u5275\u8a2d\u30c1\u30fc\u30e0\u306f\u3001\u7559\u5b66\u306a\u3069\u3067\u65e5\u672c\u3068\u3044\u304f\u3064\u304b\u306e\u30e8\u30fc\u30ed\u30c3\u30d1\u8af8\u56fd\u306b\u4f4f\u307f\u3001 &hellip; <a href=\"http:\/\/tgedu.vn\/vi\/%e4%bc%9a%e7%a4%be%e6%a6%82%e8%a6%81\/\" class=\"more-link\">Continue reading <span class=\"screen-reader-text\">Gi\u1edbi thi\u1ec7u<\/span><\/a><\/p>","protected":false},"author":1,"featured_media":0,"parent":0,"menu_order":6,"comment_status":"closed","ping_status":"closed","template":"","meta":{"footnotes":""},"class_list":["post-804","page","type-page","status-publish","hentry"],"_links":{"self":[{"href":"http:\/\/tgedu.vn\/vi\/wp-json\/wp\/v2\/pages\/804","targetHints":{"allow":["GET"]}}],"collection":[{"href":"http:\/\/tgedu.vn\/vi\/wp-json\/wp\/v2\/pages"}],"about":[{"href":"http:\/\/tgedu.vn\/vi\/wp-json\/wp\/v2\/types\/page"}],"author":[{"embeddable":true,"href":"http:\/\/tgedu.vn\/vi\/wp-json\/wp\/v2\/users\/1"}],"replies":[{"embeddable":true,"href":"http:\/\/tgedu.vn\/vi\/wp-json\/wp\/v2\/comments?post=804"}],"version-history":[{"count":32,"href":"http:\/\/tgedu.vn\/vi\/wp-json\/wp\/v2\/pages\/804\/revisions"}],"predecessor-version":[{"id":6221,"href":"http:\/\/tgedu.vn\/vi\/wp-json\/wp\/v2\/pages\/804\/revisions\/6221"}],"wp:attachment":[{"href":"http:\/\/tgedu.vn\/vi\/wp-json\/wp\/v2\/media?parent=804"}],"curies":[{"name":"wp","href":"https:\/\/api.w.org\/{rel}","templated":true}]}}